{"id":27,"date":"2025-08-15T09:35:55","date_gmt":"2025-08-15T07:35:55","guid":{"rendered":"http:\/\/tdi_18_e44"},"modified":"2025-08-18T12:47:55","modified_gmt":"2025-08-18T10:47:55","slug":"about","status":"publish","type":"page","link":"https:\/\/psychologicznastrefa.pl\/?page_id=27","title":{"rendered":"About"},"content":{"rendered":"<div id=\"tdi_1\" class=\"tdc-zone\"><div class=\"tdc_zone tdi_2  wpb_row td-pb-row\"  >\n<style scoped>\n\/* custom css - generated by TagDiv Composer *\/\n\n\/* custom css - generated by TagDiv Composer *\/\n.tdi_2{\r\n                    min-height: 0;\r\n                }\n<\/style><div id=\"tdi_3\" class=\"tdc-row\"><div class=\"vc_row tdi_4  wpb_row td-pb-row\" >\n<style scoped>\n\/* custom css - generated by TagDiv Composer *\/\n\n\/* custom css - generated by TagDiv Composer *\/\n.tdi_4,\r\n                .tdi_4 .tdc-columns{\r\n                    min-height: 0;\r\n                }.tdi_4,\r\n\t\t\t\t.tdi_4 .tdc-columns{\r\n\t\t\t\t    display: block;\r\n\t\t\t\t}.tdi_4 .tdc-columns{\r\n\t\t\t\t    width: 100%;\r\n\t\t\t\t}.tdi_4:before,\r\n\t\t\t\t.tdi_4:after{\r\n\t\t\t\t    display: table;\r\n\t\t\t\t}\n\/* inline tdc_css att - generated by TagDiv Composer *\/\n\n.tdi_4{\nmargin-bottom:40px !important;\n}\n\n.tdi_4 .td_block_wrap{ text-align:left }\n\n<\/style><div class=\"vc_column tdi_6  wpb_column vc_column_container tdc-column td-pb-span12\">\n<style scoped>\n\/* custom css - generated by TagDiv Composer *\/\n\n\/* custom css - generated by TagDiv Composer *\/\n.tdi_6{\r\n                    vertical-align: baseline;\r\n                }.tdi_6 > .wpb_wrapper,\r\n\t\t\t\t.tdi_6 > .wpb_wrapper > .tdc-elements{\r\n\t\t\t\t    display: block;\r\n\t\t\t\t}.tdi_6 > .wpb_wrapper > .tdc-elements{\r\n\t\t\t\t    width: 100%;\r\n\t\t\t\t}.tdi_6 > .wpb_wrapper > .vc_row_inner{\r\n\t\t\t\t    width: auto;\r\n\t\t\t\t}.tdi_6 > .wpb_wrapper{\r\n\t\t\t\t    width: auto;\r\n\t\t\t\t    height: auto;\r\n\t\t\t\t}\n<\/style><div class=\"wpb_wrapper\" ><div class=\"tdm_block td_block_wrap tdm_block_column_title tdi_7 tdm-content-horiz-left td-pb-border-top td_block_template_9\"  data-td-block-uid=\"tdi_7\" >\n<style>\n\/* custom css - generated by TagDiv Composer *\/\n.tdm_block_column_title{\r\n                  margin-bottom: 0;\r\n                  display: inline-block;\r\n                  width: 100%;\r\n                }\n<\/style><div class=\"td-block-row\"><div class=\"td-block-span12 tdm-col\">\n<style>\n\/* custom css - generated by TagDiv Composer *\/\n.tdi_8 .tdm-title{\r\n\t\t\t\t\tcolor: #444444;\r\n\t\t\t\t\r\n\t\t\t\t\tfont-family:Volkhov !important;font-size:36px !important;font-weight:400 !important;\r\n\t\t\t\t}.tdi_8 .tdm-title-line{\r\n\t\t\t\t\twidth: 120px;\r\n\t\t\t\t\r\n\t\t\t\t\theight: 10px;\r\n\t\t\t\t}.tdi_8 .tdm-title-line:after{\r\n\t\t\t\t\theight: 0px;\r\n\t\t\t\t\r\n\t\t\t\t\tbottom: 0%;\r\n\t\t\t\t}.tdi_8 .tdm-title-sub{\r\n\t\t\t\t\tmargin-bottom: 12px;\r\n\t\t\t\t\r\n\t\t\t\t\tfont-family:Open Sans !important;font-size:18px !important;font-weight:400 !important;text-transform:capitalize !important;\r\n\t\t\t\t}body .tdi_8 .tdm-title-sub{\r\n\t\t\t\t\tcolor: #888888;\r\n\t\t\t\t}\n<\/style><div class=\"tds-title tds-title3  td-fix-index tdi_8 \"><h3 class=\"tdm-title tdm-title-md\">O mnie<\/h3><div class=\"tdm-title-line\"><\/div><div class=\"tdm-title-sub\">Cze\u015b\u0107, mam na imi\u0119 Daniel<\/div><\/div><\/div><\/div><\/div><\/div><\/div><\/div><\/div><div id=\"tdi_9\" class=\"tdc-row\"><div class=\"vc_row tdi_10  wpb_row td-pb-row tdc-row-content-vert-center\" >\n<style scoped>\n\/* custom css - generated by TagDiv Composer *\/\n\n\/* custom css - generated by TagDiv Composer *\/\n.tdi_10,\r\n                .tdi_10 .tdc-columns{\r\n                    min-height: 0;\r\n                }.tdi_10,\r\n\t\t\t\t.tdi_10 .tdc-columns{\r\n\t\t\t\t    display: block;\r\n\t\t\t\t}.tdi_10 .tdc-columns{\r\n\t\t\t\t    width: 100%;\r\n\t\t\t\t}.tdi_10:before,\r\n\t\t\t\t.tdi_10:after{\r\n\t\t\t\t    display: table;\r\n\t\t\t\t}@media (min-width: 767px) {\r\n                    .tdi_10.tdc-row-content-vert-center,\r\n                    .tdi_10.tdc-row-content-vert-center .tdc-columns {\r\n                        display: flex;\r\n                        align-items: center;\r\n                        flex: 1;\r\n                    }\r\n                    .tdi_10.tdc-row-content-vert-bottom,\r\n                    .tdi_10.tdc-row-content-vert-bottom .tdc-columns {\r\n                        display: flex;\r\n                        align-items: flex-end;\r\n                        flex: 1;\r\n                    }\r\n                    .tdi_10.tdc-row-content-vert-center .td_block_wrap {\r\n                        vertical-align: middle;\r\n                    }\r\n                    .tdi_10.tdc-row-content-vert-bottom .td_block_wrap {\r\n                        vertical-align: bottom;\r\n                    }\r\n                }\n\/* inline tdc_css att - generated by TagDiv Composer *\/\n\n\/* portrait *\/\n@media (min-width: 768px) and (max-width: 1018px)\n{\n.tdi_10{\nmargin-left:-160px !important;\n}\n}\n\n<\/style><div class=\"vc_column tdi_12  wpb_column vc_column_container tdc-column td-pb-span8\">\n<style scoped>\n\/* custom css - generated by TagDiv Composer *\/\n\n\/* custom css - generated by TagDiv Composer *\/\n.tdi_12{\r\n                    vertical-align: baseline;\r\n                }.tdi_12 > .wpb_wrapper,\r\n\t\t\t\t.tdi_12 > .wpb_wrapper > .tdc-elements{\r\n\t\t\t\t    display: block;\r\n\t\t\t\t}.tdi_12 > .wpb_wrapper > .tdc-elements{\r\n\t\t\t\t    width: 100%;\r\n\t\t\t\t}.tdi_12 > .wpb_wrapper > .vc_row_inner{\r\n\t\t\t\t    width: auto;\r\n\t\t\t\t}.tdi_12 > .wpb_wrapper{\r\n\t\t\t\t    width: auto;\r\n\t\t\t\t    height: auto;\r\n\t\t\t\t}\n<\/style><div class=\"wpb_wrapper\" ><div class=\"tdm_block td_block_wrap tdm_block_inline_image tdi_13 td-animation-stack tdm-inline-block tdm-content-horiz-left td-pb-border-top td_block_template_9\"  data-td-block-uid=\"tdi_13\" >\n<style>\n\n\/* inline tdc_css att - generated by TagDiv Composer *\/\n\n\/* phone *\/\n@media (max-width: 767px)\n{\n.tdi_13{\nmargin-right:-20px !important;\nmargin-left:-20px !important;\n}\n}\n\n<\/style>\n<style>\n\/* custom css - generated by TagDiv Composer *\/\n.tdm_block.tdm_block_inline_image{\r\n                  position: relative;\r\n                  margin-bottom: 0;\r\n                  line-height: 0;\r\n                  overflow: hidden;\r\n                }.tdm_block.tdm_block_inline_image .tdm-inline-image-wrap{\r\n                  position: relative;\r\n                  display: inline-block;\r\n                }.tdm_block.tdm_block_inline_image .td-image-video-modal{\r\n                  cursor: pointer;\r\n                }.tdm_block.tdm_block_inline_image .tdm-caption{\r\n                  width: 100%;\r\n                  font-family: Verdana, BlinkMacSystemFont, -apple-system, \"Segoe UI\", Roboto, Oxygen, Ubuntu, Cantarell, \"Open Sans\", \"Helvetica Neue\", sans-serif;\r\n                  padding-top: 6px;\r\n                  padding-bottom: 6px;\r\n                  font-size: 12px;\r\n                  font-style: italic;\r\n                  font-weight: normal;\r\n                  line-height: 17px;\r\n                  color: #444;\r\n                }.tdm_block.tdm_block_inline_image.tdm-caption-over-image .tdm-caption{\r\n                  position: absolute;\r\n                  left: 0;\r\n                  bottom: 0;\r\n                  margin-top: 0;\r\n                  padding-left: 10px;\r\n                  padding-right: 10px;\r\n                  width: 100%;\r\n                  background: rgba(0, 0, 0, 0.7);\r\n                  color: #fff;\r\n                }.tdi_13{\r\n                    width: 666px;\r\n                }.tdi_13 img{\r\n                    height: 644px;\r\n                }.tdi_13 .tdm-inline-image-wrap:hover:before{\r\n                    opacity: 0;\r\n                }.tdi_13 .tdm-image{\r\n\t\t\t\t\tborder-color:  #eaeaea;\r\n\t\t\t\t}\n<\/style><div class=\"tdm-inline-image-wrap \" ><img fetchpriority=\"high\" decoding=\"async\" class=\"tdm-image td-fix-index td-lazy-img\" src=\"data:image\/png;base64,iVBORw0KGgoAAAANSUhEUgAABCwAAAJEAQMAAADnqyfeAAAAA1BMVEWurq51dlI4AAAAAXRSTlMmkutdmwAAAG9JREFUeNrswYEAAAAAgKD9qRepAgAAAAAAAAAAAAAAAAAAAAAAAAAAAAAAAAAAAAAAAAAAAAAAAAAAAAAAAAAAAAAAAAAAAAAAAAAAAADg9uCQAAAAAEDQ\/9fOsAAAAAAAAAAAAAAAAAAAAAAAsAox6wABwRHV3QAAAABJRU5ErkJggg==\" data-type=\"image_tag\" data-img-url=\"https:\/\/psychologicznastrefa.pl\/wp-content\/uploads\/2025\/08\/291f3f57-7e3f-474c-b331-f1f96d3da2c6-e1755461927726-300x275.jpg\"  title=\"291f3f57-7e3f-474c-b331-f1f96d3da2c6\" width=\"666\" height=\"644\"><\/div><\/div><\/div><\/div><div class=\"vc_column tdi_15  wpb_column vc_column_container tdc-column td-pb-span4\">\n<style scoped>\n\/* custom css - generated by TagDiv Composer *\/\n\n\/* custom css - generated by TagDiv Composer *\/\n.tdi_15{\r\n                    vertical-align: baseline;\r\n                }.tdi_15 > .wpb_wrapper,\r\n\t\t\t\t.tdi_15 > .wpb_wrapper > .tdc-elements{\r\n\t\t\t\t    display: block;\r\n\t\t\t\t}.tdi_15 > .wpb_wrapper > .tdc-elements{\r\n\t\t\t\t    width: 100%;\r\n\t\t\t\t}.tdi_15 > .wpb_wrapper > .vc_row_inner{\r\n\t\t\t\t    width: auto;\r\n\t\t\t\t}.tdi_15 > .wpb_wrapper{\r\n\t\t\t\t    width: auto;\r\n\t\t\t\t    height: auto;\r\n\t\t\t\t}\n<\/style><div class=\"wpb_wrapper\" ><div class=\"vc_row_inner tdi_17  vc_row vc_inner wpb_row td-pb-row tdc-row-content-vert-center\" >\n<style scoped>\n\/* custom css - generated by TagDiv Composer *\/\n\n\/* custom css - generated by TagDiv Composer *\/\n.tdi_17{\r\n                    position: relative !important;\r\n                    top: 0;\r\n                    transform: none;\r\n                    -webkit-transform: none;\r\n                }.tdi_17,\r\n\t\t\t\t.tdi_17 .tdc-inner-columns{\r\n\t\t\t\t    display: block;\r\n\t\t\t\t}.tdi_17 .tdc-inner-columns{\r\n\t\t\t\t    width: 100%;\r\n\t\t\t\t}@media (min-width: 767px) {\r\n                    .tdi_17.tdc-row-content-vert-center,\r\n                    .tdi_17.tdc-row-content-vert-center .tdc-inner-columns {\r\n                        display: flex;\r\n                        align-items: center;\r\n                        flex: 1;\r\n                    }\r\n                    .tdi_17.tdc-row-content-vert-bottom,\r\n                    .tdi_17.tdc-row-content-vert-bottom .tdc-inner-columns {\r\n                        display: flex;\r\n                        align-items: flex-end;\r\n                        flex: 1;\r\n                    }\r\n                    .tdi_17.tdc-row-content-vert-center .td_block_wrap {\r\n                        vertical-align: middle;\r\n                    }\r\n                    .tdi_17.tdc-row-content-vert-bottom .td_block_wrap {\r\n                        vertical-align: bottom;\r\n                    }\r\n                }\n\/* inline tdc_css att - generated by TagDiv Composer *\/\n\n.tdi_17{\nmargin-left:-160px !important;\npadding-top:20px !important;\npadding-right:20px !important;\npadding-bottom:30px !important;\npadding-left:20px !important;\nborder-color:#dddddd !important;\nborder-style:solid !important;\nborder-width: 1px 1px 1px 1px !important;\nposition:relative;\n}\n\n.tdi_17 .td_block_wrap{ text-align:left }\n\n\/* phone *\/\n@media (max-width: 767px)\n{\n.tdi_17{\nmargin-left:0px !important;\npadding-top:20px !important;\npadding-right:0px !important;\npadding-bottom:0px !important;\npadding-left:0px !important;\nwidth:100% !important;\nborder-width: 0px 0px 0px 0px !important;\n}\n}\n\n<\/style>\n<div class=\"tdi_16_rand_style td-element-style\" ><style>\n\/* custom css - generated by TagDiv Composer *\/\n\n.tdi_16_rand_style{\nbackground-color:#ffffff !important;\n}\n <\/style><\/div><div class=\"vc_column_inner tdi_19  wpb_column vc_column_container tdc-inner-column td-pb-span12\">\n<style scoped>\n\/* custom css - generated by TagDiv Composer *\/\n\n\/* custom css - generated by TagDiv Composer *\/\n.tdi_19{\r\n                    vertical-align: baseline;\r\n                }.tdi_19 .vc_column-inner > .wpb_wrapper,\r\n\t\t\t\t.tdi_19 .vc_column-inner > .wpb_wrapper .tdc-elements{\r\n\t\t\t\t    display: block;\r\n\t\t\t\t}.tdi_19 .vc_column-inner > .wpb_wrapper .tdc-elements{\r\n\t\t\t\t    width: 100%;\r\n\t\t\t\t}\n<\/style><div class=\"vc_column-inner\"><div class=\"wpb_wrapper\" ><div class=\"tdm_block td_block_wrap tdm_block_column_title tdi_20 tdm-content-horiz-left td-pb-border-top td_block_template_9\"  data-td-block-uid=\"tdi_20\" ><div class=\"td-block-row\"><div class=\"td-block-span12 tdm-col\">\n<style>\n\/* custom css - generated by TagDiv Composer *\/\nbody .tdi_21 .tdm-title{\r\n\t\t\t\t\tcolor: #444444;\r\n\t\t\t\t}.tdi_21 .tdm-title{\r\n\t\t\t\t\tfont-family:Volkhov !important;\r\n\t\t\t\t}\n<\/style><div class=\"tds-title tds-title1 td-fix-index tdi_21 \"><h3 class=\"tdm-title tdm-title-md\">Poznaj mnie troch\u0119 lepiej<\/h3><\/div><\/div><\/div><\/div><div class=\"tdm_block td_block_wrap tdm_block_inline_text tdi_22 td-pb-border-top td_block_template_9\"  data-td-block-uid=\"tdi_22\" >\n<style>\n\n\/* inline tdc_css att - generated by TagDiv Composer *\/\n\n.tdi_22{\nmargin-bottom:15px !important;\n}\n\n<\/style>\n<style>\n\/* custom css - generated by TagDiv Composer *\/\n.tdm_block.tdm_block_inline_text{\r\n                  margin-bottom: 0;\r\n                  vertical-align: top;\r\n                }.tdm_block.tdm_block_inline_text .tdm-descr{\r\n                  margin-bottom: 0;\r\n                  -webkit-transform: translateZ(0);\r\n                  transform: translateZ(0);\r\n                }.tdc-row-content-vert-center .tdm-inline-text-yes{\r\n                  vertical-align: middle;\r\n                }.tdc-row-content-vert-bottom .tdm-inline-text-yes{\r\n                  vertical-align: bottom;\r\n                }.tdi_22{\r\n                    text-align: left !important;\r\n                }.tdi_22 .tdm-descr{\r\n                    color: #888;\r\n                \r\n\t\t\t\t\tfont-size:14px !important;\r\n\t\t\t\t}\n<\/style><p class=\"tdm-descr\">Cze\u015b\u0107! Mam na imi\u0119 Daniel i mam 27 lat. Studiuj\u0119 psychologi\u0119, bo od zawsze fascynowa\u0142 mnie cz\u0142owiek \u2013 to, w jaki spos\u00f3b my\u015bli, czuje i podejmuje decyzje. Psychologia jest dla mnie czym\u015b wi\u0119cej ni\u017c tylko kierunkiem studi\u00f3w \u2013 to moja pasja, spos\u00f3b patrzenia na \u015bwiat i pr\u00f3ba lepszego zrozumienia zar\u00f3wno innych, jak i samego siebie.\n\nPoza nauk\u0105 ogromn\u0105 rol\u0119 w moim \u017cyciu odgrywaj\u0105 g\u00f3ry i bieganie. W g\u00f3rach odnajduj\u0119 spok\u00f3j, wolno\u015b\u0107 i perspektyw\u0119 \u2013 to miejsce, w kt\u00f3rym mog\u0119 oderwa\u0107 si\u0119 od codzienno\u015bci, a jednocze\u015bnie zmierzy\u0107 z w\u0142asnymi ograniczeniami. Bieganie natomiast daje mi poczucie lekko\u015bci i si\u0142y, pozwala oczy\u015bci\u0107 g\u0142ow\u0119 i u\u0142o\u017cy\u0107 my\u015bli. To moje dwie przestrzenie, w kt\u00f3rych najpe\u0142niej \u0142\u0105cz\u0119 wysi\u0142ek fizyczny z r\u00f3wnowag\u0105 psychiczn\u0105.\n\n<\/p><\/div><div class=\"tdm_block td_block_wrap tdm_block_inline_text tdi_23 td-pb-border-top td_block_template_9\"  data-td-block-uid=\"tdi_23\" >\n<style>\n\/* custom css - generated by TagDiv Composer *\/\n.tdi_23{\r\n                    text-align: left !important;\r\n                }.tdi_23 .tdm-descr{\r\n                    color: #888;\r\n                \r\n\t\t\t\t\tfont-size:14px !important;\r\n\t\t\t\t}\n<\/style><p class=\"tdm-descr\">Tak w\u0142a\u015bnie w skr\u00f3cie wygl\u0105da moja droga \u2013 troch\u0119 nauki, troch\u0119 przygody, a przede wszystkim du\u017co pasji i ciekawo\u015bci \u015bwiata.<\/p><\/div><\/div><\/div><\/div><\/div><\/div><\/div><\/div><\/div><div id=\"tdi_24\" class=\"tdc-row\"><div class=\"vc_row tdi_25  wpb_row td-pb-row\" >\n<style scoped>\n\/* custom css - generated by TagDiv Composer *\/\n\n\/* custom css - generated by TagDiv Composer *\/\n.tdi_25,\r\n                .tdi_25 .tdc-columns{\r\n                    min-height: 0;\r\n                }.tdi_25,\r\n\t\t\t\t.tdi_25 .tdc-columns{\r\n\t\t\t\t    display: block;\r\n\t\t\t\t}.tdi_25 .tdc-columns{\r\n\t\t\t\t    width: 100%;\r\n\t\t\t\t}.tdi_25:before,\r\n\t\t\t\t.tdi_25:after{\r\n\t\t\t\t    display: table;\r\n\t\t\t\t}\n\/* inline tdc_css att - generated by TagDiv Composer *\/\n\n.tdi_25{\nmargin-top:50px !important;\nmargin-bottom:80px !important;\n}\n\n.tdi_25 .td_block_wrap{ text-align:left }\n\n\/* phone *\/\n@media (max-width: 767px)\n{\n.tdi_25{\nmargin-top:30px !important;\nmargin-bottom:60px !important;\n}\n}\n\n<\/style><div class=\"vc_column tdi_27  wpb_column vc_column_container tdc-column td-pb-span12\">\n<style scoped>\n\/* custom css - generated by TagDiv Composer *\/\n\n\/* custom css - generated by TagDiv Composer *\/\n.tdi_27{\r\n                    vertical-align: baseline;\r\n                }.tdi_27 > .wpb_wrapper,\r\n\t\t\t\t.tdi_27 > .wpb_wrapper > .tdc-elements{\r\n\t\t\t\t    display: block;\r\n\t\t\t\t}.tdi_27 > .wpb_wrapper > .tdc-elements{\r\n\t\t\t\t    width: 100%;\r\n\t\t\t\t}.tdi_27 > .wpb_wrapper > .vc_row_inner{\r\n\t\t\t\t    width: auto;\r\n\t\t\t\t}.tdi_27 > .wpb_wrapper{\r\n\t\t\t\t    width: auto;\r\n\t\t\t\t    height: auto;\r\n\t\t\t\t}\n<\/style><div class=\"wpb_wrapper\" ><div class=\"tdm_block td_block_wrap tdm_block_socials tdi_28 tdm-content-horiz-left td-pb-border-top td_block_template_9\"  data-td-block-uid=\"tdi_28\" >\n<style>\n\/* custom css - generated by TagDiv Composer *\/\n.tdm_block.tdm_block_socials{\r\n                  margin-bottom: 0;\r\n                }.tdm-social-wrapper{\r\n                  *zoom: 1;\r\n                }.tdm-social-wrapper:before,\r\n                .tdm-social-wrapper:after{\r\n                  display: table;\r\n                  content: '';\r\n                  line-height: 0;\r\n                }.tdm-social-wrapper:after{\r\n                  clear: both;\r\n                }.tdm-social-item-wrap{\r\n                  display: inline-block;\r\n                }.tdm-social-item{\r\n                  position: relative;\r\n                  display: inline-flex;\r\n                  align-items: center;\r\n                  justify-content: center;\r\n                  vertical-align: middle;\r\n                  -webkit-transition: all 0.2s;\r\n                  transition: all 0.2s;\r\n                  text-align: center;\r\n                  -webkit-transform: translateZ(0);\r\n                  transform: translateZ(0);\r\n                }.tdm-social-item i{\r\n                  font-size: 14px;\r\n                  color: var(--td_theme_color, #4db2ec);\r\n                  -webkit-transition: all 0.2s;\r\n                  transition: all 0.2s;\r\n                }.tdm-social-text{\r\n                  display: none;\r\n                  margin-top: -1px;\r\n                  vertical-align: middle;\r\n                  font-size: 13px;\r\n                  color: var(--td_theme_color, #4db2ec);\r\n                  -webkit-transition: all 0.2s;\r\n                  transition: all 0.2s;\r\n                }.tdm-social-item-wrap:hover i,\r\n                .tdm-social-item-wrap:hover .tdm-social-text{\r\n                  color: #000;\r\n                }.tdm-social-item-wrap:last-child .tdm-social-text{\r\n                  margin-right: 0 !important;\r\n                }\n<\/style>\n<style>\n\/* custom css - generated by TagDiv Composer *\/\n.tdi_29 .tdm-social-item i{\r\n\t\t\t\t\tfont-size: 14px;\r\n\t\t\t\t\tvertical-align: middle;\r\n\t\t\t\t\r\n\t\t\t\t\tline-height: 35px;\r\n\t\t\t\t}.tdi_29 .tdm-social-item i.td-icon-linkedin,\r\n\t\t\t\t.tdi_29 .tdm-social-item i.td-icon-pinterest,\r\n\t\t\t\t.tdi_29 .tdm-social-item i.td-icon-blogger,\r\n\t\t\t\t.tdi_29 .tdm-social-item i.td-icon-vimeo{\r\n\t\t\t\t\tfont-size: 11.2px;\r\n\t\t\t\t}.tdi_29 .tdm-social-item{\r\n\t\t\t\t\twidth: 35px;\r\n\t\t\t\t\theight: 35px;\r\n\t\t\t\t\r\n\t\t\t\t    margin: 5px 10px 5px 0;\r\n\t\t\t\t}.tdi_29 .tdm-social-item-wrap:last-child .tdm-social-item{\r\n\t\t\t\t    margin-right: 0 !important;\r\n\t\t\t\t}body .tdi_29 .tdm-social-item{\r\n\t\t\t\t    border: 1px solid #ededed;\r\n\t\t\t\t}body .tdi_29 .tdm-social-item-wrap:hover .tdm-social-item{\r\n\t\t\t\t\tborder-color: #c3c3c3;\r\n\t\t\t\t}.tdi_29 .tdm-social-text{\r\n\t\t\t\t\tdisplay: none;\r\n\t\t\t\t\r\n\t\t\t\t\tmargin-left: 2px;\r\n\t\t\t\t\r\n\t\t\t\t\tmargin-right: 18px;\r\n\t\t\t\t}\n\n\/* landscape *\/\n@media (min-width: 1019px) and (max-width: 1140px){\nbody .tdi_29 .tdm-social-item{\r\n\t\t\t\t    border: 1px solid #ededed;\r\n\t\t\t\t}\n}\n\n\/* portrait *\/\n@media (min-width: 768px) and (max-width: 1018px){\nbody .tdi_29 .tdm-social-item{\r\n\t\t\t\t    border: 1px solid #ededed;\r\n\t\t\t\t}\n}\n\n\/* phone *\/\n@media (max-width: 767px){\nbody .tdi_29 .tdm-social-item{\r\n\t\t\t\t    border: 1px solid #ededed;\r\n\t\t\t\t}\n}\n<\/style><div class=\"tdm-social-wrapper tds-social4 tdi_29\"><div class=\"tdm-social-item-wrap\"><a href=\"#\"  title=\"Facebook\" class=\"tdm-social-item\"><i class=\"td-icon-font td-icon-facebook\"><\/i><span style=\"display: none\">Facebook<\/span><\/a><\/div><div class=\"tdm-social-item-wrap\"><a href=\"#\"  title=\"Instagram\" class=\"tdm-social-item\"><i class=\"td-icon-font td-icon-instagram\"><\/i><span style=\"display: none\">Instagram<\/span><\/a><\/div><div class=\"tdm-social-item-wrap\"><a href=\"#\"  title=\"Twitter\" class=\"tdm-social-item\"><i class=\"td-icon-font td-icon-twitter\"><\/i><span style=\"display: none\">Twitter<\/span><\/a><\/div><\/div><\/div><\/div><\/div><\/div><\/div><\/div><\/div>","protected":false},"excerpt":{"rendered":"","protected":false},"author":1,"featured_media":0,"parent":0,"menu_order":0,"comment_status":"open","ping_status":"closed","template":"","meta":{"footnotes":""},"class_list":["post-27","page","type-page","status-publish"],"yoast_head":"<!-- This site is optimized with the Yoast SEO plugin v25.6 - https:\/\/yoast.com\/wordpress\/plugins\/seo\/ -->\n<title>About - Psychologiczna Strefa<\/title>\n<meta name=\"robots\" content=\"index, follow, max-snippet:-1, max-image-preview:large, max-video-preview:-1\" \/>\n<link rel=\"canonical\" href=\"https:\/\/psychologicznastrefa.pl\/?page_id=27\" \/>\n<meta property=\"og:locale\" content=\"en_US\" \/>\n<meta property=\"og:type\" content=\"article\" \/>\n<meta property=\"og:title\" content=\"About - Psychologiczna Strefa\" \/>\n<meta property=\"og:url\" content=\"https:\/\/psychologicznastrefa.pl\/?page_id=27\" \/>\n<meta property=\"og:site_name\" content=\"Psychologiczna Strefa\" \/>\n<meta property=\"article:modified_time\" content=\"2025-08-18T10:47:55+00:00\" \/>\n<meta name=\"twitter:card\" content=\"summary_large_image\" \/>\n<meta name=\"twitter:label1\" content=\"Est. reading time\" \/>\n\t<meta name=\"twitter:data1\" content=\"3 minutes\" \/>\n<script type=\"application\/ld+json\" class=\"yoast-schema-graph\">{\"@context\":\"https:\/\/schema.org\",\"@graph\":[{\"@type\":\"WebPage\",\"@id\":\"https:\/\/psychologicznastrefa.pl\/?page_id=27\",\"url\":\"https:\/\/psychologicznastrefa.pl\/?page_id=27\",\"name\":\"About - Psychologiczna Strefa\",\"isPartOf\":{\"@id\":\"https:\/\/psychologicznastrefa.pl\/#website\"},\"datePublished\":\"2025-08-15T07:35:55+00:00\",\"dateModified\":\"2025-08-18T10:47:55+00:00\",\"breadcrumb\":{\"@id\":\"https:\/\/psychologicznastrefa.pl\/?page_id=27#breadcrumb\"},\"inLanguage\":\"en-US\",\"potentialAction\":[{\"@type\":\"ReadAction\",\"target\":[\"https:\/\/psychologicznastrefa.pl\/?page_id=27\"]}]},{\"@type\":\"BreadcrumbList\",\"@id\":\"https:\/\/psychologicznastrefa.pl\/?page_id=27#breadcrumb\",\"itemListElement\":[{\"@type\":\"ListItem\",\"position\":1,\"name\":\"Home\",\"item\":\"https:\/\/psychologicznastrefa.pl\/\"},{\"@type\":\"ListItem\",\"position\":2,\"name\":\"About\"}]},{\"@type\":\"WebSite\",\"@id\":\"https:\/\/psychologicznastrefa.pl\/#website\",\"url\":\"https:\/\/psychologicznastrefa.pl\/\",\"name\":\"Psychologiczna Strefa\",\"description\":\"\",\"potentialAction\":[{\"@type\":\"SearchAction\",\"target\":{\"@type\":\"EntryPoint\",\"urlTemplate\":\"https:\/\/psychologicznastrefa.pl\/?s={search_term_string}\"},\"query-input\":{\"@type\":\"PropertyValueSpecification\",\"valueRequired\":true,\"valueName\":\"search_term_string\"}}],\"inLanguage\":\"en-US\"}]}<\/script>\n<!-- \/ Yoast SEO plugin. -->","yoast_head_json":{"title":"About - Psychologiczna Strefa","robots":{"index":"index","follow":"follow","max-snippet":"max-snippet:-1","max-image-preview":"max-image-preview:large","max-video-preview":"max-video-preview:-1"},"canonical":"https:\/\/psychologicznastrefa.pl\/?page_id=27","og_locale":"en_US","og_type":"article","og_title":"About - Psychologiczna Strefa","og_url":"https:\/\/psychologicznastrefa.pl\/?page_id=27","og_site_name":"Psychologiczna Strefa","article_modified_time":"2025-08-18T10:47:55+00:00","twitter_card":"summary_large_image","twitter_misc":{"Est. reading time":"3 minutes"},"schema":{"@context":"https:\/\/schema.org","@graph":[{"@type":"WebPage","@id":"https:\/\/psychologicznastrefa.pl\/?page_id=27","url":"https:\/\/psychologicznastrefa.pl\/?page_id=27","name":"About - Psychologiczna Strefa","isPartOf":{"@id":"https:\/\/psychologicznastrefa.pl\/#website"},"datePublished":"2025-08-15T07:35:55+00:00","dateModified":"2025-08-18T10:47:55+00:00","breadcrumb":{"@id":"https:\/\/psychologicznastrefa.pl\/?page_id=27#breadcrumb"},"inLanguage":"en-US","potentialAction":[{"@type":"ReadAction","target":["https:\/\/psychologicznastrefa.pl\/?page_id=27"]}]},{"@type":"BreadcrumbList","@id":"https:\/\/psychologicznastrefa.pl\/?page_id=27#breadcrumb","itemListElement":[{"@type":"ListItem","position":1,"name":"Home","item":"https:\/\/psychologicznastrefa.pl\/"},{"@type":"ListItem","position":2,"name":"About"}]},{"@type":"WebSite","@id":"https:\/\/psychologicznastrefa.pl\/#website","url":"https:\/\/psychologicznastrefa.pl\/","name":"Psychologiczna Strefa","description":"","potentialAction":[{"@type":"SearchAction","target":{"@type":"EntryPoint","urlTemplate":"https:\/\/psychologicznastrefa.pl\/?s={search_term_string}"},"query-input":{"@type":"PropertyValueSpecification","valueRequired":true,"valueName":"search_term_string"}}],"inLanguage":"en-US"}]}},"_links":{"self":[{"href":"https:\/\/psychologicznastrefa.pl\/index.php?rest_route=\/wp\/v2\/pages\/27","targetHints":{"allow":["GET"]}}],"collection":[{"href":"https:\/\/psychologicznastrefa.pl\/index.php?rest_route=\/wp\/v2\/pages"}],"about":[{"href":"https:\/\/psychologicznastrefa.pl\/index.php?rest_route=\/wp\/v2\/types\/page"}],"author":[{"embeddable":true,"href":"https:\/\/psychologicznastrefa.pl\/index.php?rest_route=\/wp\/v2\/users\/1"}],"replies":[{"embeddable":true,"href":"https:\/\/psychologicznastrefa.pl\/index.php?rest_route=%2Fwp%2Fv2%2Fcomments&post=27"}],"version-history":[{"count":2,"href":"https:\/\/psychologicznastrefa.pl\/index.php?rest_route=\/wp\/v2\/pages\/27\/revisions"}],"predecessor-version":[{"id":193,"href":"https:\/\/psychologicznastrefa.pl\/index.php?rest_route=\/wp\/v2\/pages\/27\/revisions\/193"}],"wp:attachment":[{"href":"https:\/\/psychologicznastrefa.pl\/index.php?rest_route=%2Fwp%2Fv2%2Fmedia&parent=27"}],"curies":[{"name":"wp","href":"https:\/\/api.w.org\/{rel}","templated":true}]}}